{"id":861,"date":"2020-12-09T18:28:25","date_gmt":"2020-12-09T17:28:25","guid":{"rendered":"http:\/\/asael.fr\/?page_id=861"},"modified":"2020-12-09T18:28:25","modified_gmt":"2020-12-09T17:28:25","slug":"presentation-saf-coparentalite","status":"publish","type":"page","link":"https:\/\/asael.fr\/?page_id=861","title":{"rendered":"Pr\u00e9sentation SAF-Coparentalit\u00e9"},"content":{"rendered":"<p><span style=\"text-decoration: underline;\">Pr\u00e9sentation du SAF-Coparentalit\u00e9<\/span><\/p>\n<p>C&#8217;est un service mis en place gr\u00e2ce \u00e0 la collaboration de 4 acteurs : la Direction de la Solidarit\u00e9 D\u00e9partementale des Landes, la CAF des Landes, la MSA Sud Aquitaine et l&#8217;ASAEL.<\/p>\n<p>Ce service a pour objet de pallier les d\u00e9ficiences constat\u00e9es en mati\u00e8re de parentalit\u00e9 dans certaines familles, qui peuvent conduire \u00e0 des situations de handicap, d\u2019\u00e9checs scolaires ou de pr\u00e9carit\u00e9 induisant une prise en charge m\u00e9dicale et\/ou sociale. Il s\u2019agit d\u2019offrir aux enfants une prise en charge chez des assistants maternels, agr\u00e9\u00e9s \u00e0 ce titre par la PMI.<\/p>\n<p>Venant compl\u00e9ter la palette des moyens de pr\u00e9vention et de soutien \u00e0 la parentalit\u00e9, ce service d\u2019accueil permet \u00e0 la fois de\u00a0:<\/p>\n<p>&#8211; maintenir le lien affectif avec les parents,<\/p>\n<p>&#8211; offrir \u00e0 l\u2019enfant un apport compl\u00e9mentaire \u00e0 celui de sa famille en termes d\u2019\u00e9veil, de stimulation et d\u2019\u00e9ducation.<\/p>\n<p>&#8211; de contribuer \u00e0 l\u2019\u00e9volution des comp\u00e9tences de ces parents tant sur le volet \u00e9ducatif que sur celui de l\u2019insertion sociale, voire professionnelle par l\u2019appropriation des codes sociaux.<\/p>\n<p>C&#8217;est un service qui est d\u00e9ploy\u00e9 sur l&#8217;ensemble du d\u00e9partement des Landes.<\/p>\n","protected":false},"excerpt":{"rendered":"<p>Pr\u00e9sentation du SAF-Coparentalit\u00e9 C&#8217;est un service mis en place gr\u00e2ce \u00e0 la collaboration de 4 acteurs : la Direction de la Solidarit\u00e9 D\u00e9partementale des Landes, la CAF des Landes, la MSA Sud Aquitaine et&#46;&#46;&#46;<\/p>\n","protected":false},"author":4,"featured_media":0,"parent":0,"menu_order":0,"comment_status":"closed","ping_status":"closed","template":"","meta":{"footnotes":""},"class_list":["post-861","page","type-page","status-publish","hentry"],"_links":{"self":[{"href":"https:\/\/asael.fr\/index.php?rest_route=\/wp\/v2\/pages\/861","targetHints":{"allow":["GET"]}}],"collection":[{"href":"https:\/\/asael.fr\/index.php?rest_route=\/wp\/v2\/pages"}],"about":[{"href":"https:\/\/asael.fr\/index.php?rest_route=\/wp\/v2\/types\/page"}],"author":[{"embeddable":true,"href":"https:\/\/asael.fr\/index.php?rest_route=\/wp\/v2\/users\/4"}],"replies":[{"embeddable":true,"href":"https:\/\/asael.fr\/index.php?rest_route=%2Fwp%2Fv2%2Fcomments&post=861"}],"version-history":[{"count":3,"href":"https:\/\/asael.fr\/index.php?rest_route=\/wp\/v2\/pages\/861\/revisions"}],"predecessor-version":[{"id":887,"href":"https:\/\/asael.fr\/index.php?rest_route=\/wp\/v2\/pages\/861\/revisions\/887"}],"wp:attachment":[{"href":"https:\/\/asael.fr\/index.php?rest_route=%2Fwp%2Fv2%2Fmedia&parent=861"}],"curies":[{"name":"wp","href":"https:\/\/api.w.org\/{rel}","templated":true}]}}