{"id":53,"date":"2014-02-27T10:02:19","date_gmt":"2014-02-27T09:02:19","guid":{"rendered":"http:\/\/asael.fr\/?page_id=53"},"modified":"2020-12-09T18:07:29","modified_gmt":"2020-12-09T17:07:29","slug":"presentation-aemo","status":"publish","type":"page","link":"https:\/\/asael.fr\/?page_id=53","title":{"rendered":"Pr\u00e9sentation AEMO"},"content":{"rendered":"<p>Le Service AEMO (Action \u00c9ducative en Milieu Ouvert) exerce son activit\u00e9 sur la totalit\u00e9 du d\u00e9partement des Landes et fonctionne avec deux antennes, Dax et Mont de Marsan, repr\u00e9sentant 6 secteurs.<\/p>\n<p>Son financement est assur\u00e9 annuellement dans le cadre de discussions budg\u00e9taires avec les autorit\u00e9s de contr\u00f4le et de tarification. (Conseil D\u00e9partemental\u00a0\u2013 Protection Judiciaire de la Jeunesse).<\/p>\n<p>Le prix de journ\u00e9e est \u00e9tabli annuellement par les autorit\u00e9s de tarification.<\/p>\n<p><center><a href=\"http:\/\/asael.fr\/wp-content\/uploads\/2020\/12\/aemo.png\"><img loading=\"lazy\" decoding=\"async\" class=\"alignnone size-medium wp-image-857\" src=\"http:\/\/asael.fr\/wp-content\/uploads\/2020\/12\/aemo-300x158.png\" alt=\"\" width=\"300\" height=\"158\" srcset=\"https:\/\/asael.fr\/wp-content\/uploads\/2020\/12\/aemo-300x158.png 300w, https:\/\/asael.fr\/wp-content\/uploads\/2020\/12\/aemo-768x404.png 768w, https:\/\/asael.fr\/wp-content\/uploads\/2020\/12\/aemo-1024x539.png 1024w, https:\/\/asael.fr\/wp-content\/uploads\/2020\/12\/aemo.png 1560w\" sizes=\"auto, (max-width: 300px) 100vw, 300px\" \/><\/a><\/center><\/p>\n","protected":false},"excerpt":{"rendered":"<p>Le Service AEMO (Action \u00c9ducative en Milieu Ouvert) exerce son activit\u00e9 sur la totalit\u00e9 du d\u00e9partement des Landes et fonctionne avec deux antennes, Dax et Mont de Marsan, repr\u00e9sentant 6 secteurs. Son financement est&#46;&#46;&#46;<\/p>\n","protected":false},"author":4,"featured_media":0,"parent":0,"menu_order":0,"comment_status":"open","ping_status":"open","template":"","meta":{"footnotes":""},"class_list":["post-53","page","type-page","status-publish","hentry"],"_links":{"self":[{"href":"https:\/\/asael.fr\/index.php?rest_route=\/wp\/v2\/pages\/53","targetHints":{"allow":["GET"]}}],"collection":[{"href":"https:\/\/asael.fr\/index.php?rest_route=\/wp\/v2\/pages"}],"about":[{"href":"https:\/\/asael.fr\/index.php?rest_route=\/wp\/v2\/types\/page"}],"author":[{"embeddable":true,"href":"https:\/\/asael.fr\/index.php?rest_route=\/wp\/v2\/users\/4"}],"replies":[{"embeddable":true,"href":"https:\/\/asael.fr\/index.php?rest_route=%2Fwp%2Fv2%2Fcomments&post=53"}],"version-history":[{"count":6,"href":"https:\/\/asael.fr\/index.php?rest_route=\/wp\/v2\/pages\/53\/revisions"}],"predecessor-version":[{"id":858,"href":"https:\/\/asael.fr\/index.php?rest_route=\/wp\/v2\/pages\/53\/revisions\/858"}],"wp:attachment":[{"href":"https:\/\/asael.fr\/index.php?rest_route=%2Fwp%2Fv2%2Fmedia&parent=53"}],"curies":[{"name":"wp","href":"https:\/\/api.w.org\/{rel}","templated":true}]}}