{"id":43,"date":"2014-02-27T09:51:24","date_gmt":"2014-02-27T08:51:24","guid":{"rendered":"http:\/\/asael.fr\/?page_id=43"},"modified":"2014-02-27T09:51:24","modified_gmt":"2014-02-27T08:51:24","slug":"procedure-dadmission","status":"publish","type":"page","link":"https:\/\/asael.fr\/?page_id=43","title":{"rendered":"Proc\u00e9dure d&#8217;admission"},"content":{"rendered":"<ul>\n<li>Pr\u00e9sentation de la situation par un travailleur social, par l\u2019envoi d\u2019un rapport social retra\u00e7ant le parcours du jeune, les \u00e9l\u00e9ments essentiels \u00e0 sa situation, son projet.<\/li>\n<\/ul>\n<ul>\n<li>Une rencontre est propos\u00e9e par la MECS au jeune, \u00e0 ses parents et au travailleur social \u00e0 l\u2019origine de la demande. Il sera abord\u00e9 au cours de cet entretien tout ce qui fait difficult\u00e9, les attentes du jeune et de sa famille, l\u2019accompagnement susceptible d\u2019\u00eatre mis en place par la MECS.<\/li>\n<\/ul>\n<ul>\n<li>Une visite des locaux peut \u00eatre propos\u00e9e.<\/li>\n<\/ul>\n<ul>\n<li>Le Livret d\u2019Accueil est remis.<\/li>\n<\/ul>\n<ul>\n<li>La d\u00e9cision d\u2019admission est prise \u00e0 l\u2019issu de la rencontre par le Directeur de la MECS.<\/li>\n<\/ul>\n<ul>\n<li>Une date d\u2019admission est arr\u00eat\u00e9e par la MECS avec les parents et le travailleur social.<\/li>\n<\/ul>\n","protected":false},"excerpt":{"rendered":"<p>Pr\u00e9sentation de la situation par un travailleur social, par l\u2019envoi d\u2019un rapport social retra\u00e7ant le parcours du jeune, les \u00e9l\u00e9ments essentiels \u00e0 sa situation, son projet. Une rencontre est propos\u00e9e par la MECS au&#46;&#46;&#46;<\/p>\n","protected":false},"author":4,"featured_media":0,"parent":0,"menu_order":0,"comment_status":"open","ping_status":"open","template":"","meta":{"footnotes":""},"class_list":["post-43","page","type-page","status-publish","hentry"],"_links":{"self":[{"href":"https:\/\/asael.fr\/index.php?rest_route=\/wp\/v2\/pages\/43","targetHints":{"allow":["GET"]}}],"collection":[{"href":"https:\/\/asael.fr\/index.php?rest_route=\/wp\/v2\/pages"}],"about":[{"href":"https:\/\/asael.fr\/index.php?rest_route=\/wp\/v2\/types\/page"}],"author":[{"embeddable":true,"href":"https:\/\/asael.fr\/index.php?rest_route=\/wp\/v2\/users\/4"}],"replies":[{"embeddable":true,"href":"https:\/\/asael.fr\/index.php?rest_route=%2Fwp%2Fv2%2Fcomments&post=43"}],"version-history":[{"count":1,"href":"https:\/\/asael.fr\/index.php?rest_route=\/wp\/v2\/pages\/43\/revisions"}],"predecessor-version":[{"id":44,"href":"https:\/\/asael.fr\/index.php?rest_route=\/wp\/v2\/pages\/43\/revisions\/44"}],"wp:attachment":[{"href":"https:\/\/asael.fr\/index.php?rest_route=%2Fwp%2Fv2%2Fmedia&parent=43"}],"curies":[{"name":"wp","href":"https:\/\/api.w.org\/{rel}","templated":true}]}}