{"id":24,"date":"2014-02-27T09:13:46","date_gmt":"2014-02-27T08:13:46","guid":{"rendered":"http:\/\/asael.fr\/?page_id=24"},"modified":"2024-09-12T14:15:27","modified_gmt":"2024-09-12T13:15:27","slug":"membres-du-bureau-et-du-c-a","status":"publish","type":"page","link":"https:\/\/asael.fr\/?page_id=24","title":{"rendered":"Membres du bureau et du C.A."},"content":{"rendered":"<h3 style=\"text-align: center;\">Membres du bureau :<\/h3>\n<table class=\" aligncenter\" style=\"height: 139px; width: 99.8956%;\" width=\"325\">\n<tbody>\n<tr style=\"height: 20px;\">\n<td style=\"width: 175.14px; height: 20px;\"><strong>Noms &#8211; Pr\u00e9nom<\/strong><\/td>\n<td style=\"width: 132.61px; height: 20px;\"><strong>Fonction<\/strong><\/td>\n<\/tr>\n<tr style=\"height: 20px;\">\n<td style=\"width: 175.14px; height: 20px;\">Alain GASTON<\/td>\n<td style=\"width: 132.61px; height: 20px;\">Pr\u00e9sident<\/td>\n<\/tr>\n<tr style=\"height: 20px;\">\n<td style=\"width: 175.14px; height: 20px;\">Bernard LAPORTE<\/td>\n<td style=\"width: 132.61px; height: 20px;\">Tr\u00e9sorier<\/td>\n<\/tr>\n<tr style=\"height: 20px;\">\n<td style=\"width: 175.14px; height: 20px;\">Maryvonne FLORENCE<\/td>\n<td style=\"width: 132.61px; height: 20px;\">Secr\u00e9taire<\/td>\n<\/tr>\n<tr style=\"height: 20px;\">\n<td style=\"width: 175.14px; height: 20px;\">Bernard CHUSSEAU<\/td>\n<td style=\"width: 132.61px; height: 20px;\">Membre<\/td>\n<\/tr>\n<\/tbody>\n<\/table>\n<h3><\/h3>\n<h3 style=\"text-align: center;\">Membres du conseil d&#8217;administration :<\/h3>\n<table class=\" aligncenter\" style=\"width: 440px; height: 239px;\">\n<tbody>\n<tr>\n<td style=\"width: 255px;\">Paul FAURY<\/td>\n<td style=\"width: 166.44px;\">Membre<\/td>\n<\/tr>\n<tr>\n<td style=\"width: 255px;\">Pascal DUROU<\/td>\n<td style=\"width: 166.44px;\">Membre<\/td>\n<\/tr>\n<tr>\n<td style=\"width: 255px;\">J\u00e9r\u00f4me GORY<\/td>\n<td style=\"width: 166.44px;\">Membre<\/td>\n<\/tr>\n<tr>\n<td style=\"width: 255px;\">Pascale LACASSAGNE<\/td>\n<td style=\"width: 166.44px;\">Membre<\/td>\n<\/tr>\n<tr>\n<td style=\"width: 255px;\">Mich\u00e8le LAFITTAU<\/td>\n<td style=\"width: 166.44px;\">Membre<\/td>\n<\/tr>\n<tr>\n<td style=\"width: 255px;\">Blondine MONDIN<\/td>\n<td style=\"width: 166.44px;\">Membre<\/td>\n<\/tr>\n<tr>\n<td style=\"width: 255px;\">Marianne SAVARY<\/td>\n<td style=\"width: 166.44px;\">Membre<\/td>\n<\/tr>\n<tr>\n<td style=\"width: 255px;\">Agathe BOURRETERE<\/td>\n<td style=\"width: 166.44px;\">Membre de droit du Conseil D\u00e9partemental<\/td>\n<\/tr>\n<\/tbody>\n<\/table>\n","protected":false},"excerpt":{"rendered":"<p>Membres du bureau : Noms &#8211; Pr\u00e9nom Fonction Alain GASTON Pr\u00e9sident Bernard LAPORTE Tr\u00e9sorier Maryvonne FLORENCE Secr\u00e9taire Bernard CHUSSEAU Membre Membres du conseil d&#8217;administration : Paul FAURY Membre Pascal DUROU Membre J\u00e9r\u00f4me GORY Membre&#46;&#46;&#46;<\/p>\n","protected":false},"author":4,"featured_media":0,"parent":0,"menu_order":0,"comment_status":"open","ping_status":"open","template":"","meta":{"footnotes":""},"class_list":["post-24","page","type-page","status-publish","hentry"],"_links":{"self":[{"href":"https:\/\/asael.fr\/index.php?rest_route=\/wp\/v2\/pages\/24","targetHints":{"allow":["GET"]}}],"collection":[{"href":"https:\/\/asael.fr\/index.php?rest_route=\/wp\/v2\/pages"}],"about":[{"href":"https:\/\/asael.fr\/index.php?rest_route=\/wp\/v2\/types\/page"}],"author":[{"embeddable":true,"href":"https:\/\/asael.fr\/index.php?rest_route=\/wp\/v2\/users\/4"}],"replies":[{"embeddable":true,"href":"https:\/\/asael.fr\/index.php?rest_route=%2Fwp%2Fv2%2Fcomments&post=24"}],"version-history":[{"count":11,"href":"https:\/\/asael.fr\/index.php?rest_route=\/wp\/v2\/pages\/24\/revisions"}],"predecessor-version":[{"id":1569,"href":"https:\/\/asael.fr\/index.php?rest_route=\/wp\/v2\/pages\/24\/revisions\/1569"}],"wp:attachment":[{"href":"https:\/\/asael.fr\/index.php?rest_route=%2Fwp%2Fv2%2Fmedia&parent=24"}],"curies":[{"name":"wp","href":"https:\/\/api.w.org\/{rel}","templated":true}]}}