{"id":181,"date":"2014-07-16T07:59:50","date_gmt":"2014-07-16T06:59:50","guid":{"rendered":"http:\/\/asael.fr\/?page_id=181"},"modified":"2014-07-21T14:32:34","modified_gmt":"2014-07-21T13:32:34","slug":"mentions-legales","status":"publish","type":"page","link":"https:\/\/asael.fr\/?page_id=181","title":{"rendered":"Mentions l\u00e9gales"},"content":{"rendered":"<p>Les pr\u00e9sentes mentions l\u00e9gales ont pour objet d&#8217;informer l&#8217;utilisateur de l&#8217;ensemble des dispositions l\u00e9gislatives et r\u00e9glementaires devant \u00eatre respect\u00e9es \u00e0 l&#8217;occasion de la consultation de ce site, et notamment les mentions relatives aux droits de propri\u00e9t\u00e9 intellectuelle, ainsi que celles qui traitent des modalit\u00e9s de collecte et de traitement des donn\u00e9es personnelles.<\/p>\n<h3>Identification<\/h3>\n<p>Conform\u00e9ment aux dispositions de la loi du 21 juin 2004 pour la confiance dans l\u2019\u00e9conomie num\u00e9rique, l&#8217;ASAEL met \u00e0 la disposition des internautes les informations suivantes :<\/p>\n<h6>\u00c9diteur<\/h6>\n<p>Association de sauvegarde et d\u2019action \u00e9ducative des Landes<\/p>\n<p><span style=\"font-size: 11pt;\">11, boulevard Ferdinand de Candau<br \/>\n40000 Mont-de-Marsan<br \/>\nT\u00e9l : 05 58 46 75 50<br \/>\nFax : 05 58 75 90 63<\/span><\/p>\n<h6>Directeur de publication<\/h6>\n<p>Monsieur Alain Gaston<\/p>\n<h6>R\u00e9alisation \/ cr\u00e9ation graphique<\/h6>\n<p>GCSMS AJLG (Groupement de Coop\u00e9ration Sociale et M\u00e9dico-Sociale Accueil Jeunes Landes Gascogne)<\/p>\n<p><span style=\"font-size: 11pt;\">11, boulevard Ferdinand de Candau<br \/>\n40000 Mont-de-Marsan<br \/>\nT\u00e9l : 05 58 46 75 50<br \/>\nFax : 05 58 75 90 63<\/span><\/p>\n<h6>H\u00e9bergement web<\/h6>\n<p>OVH<\/p>\n<p><span style=\"font-size: 11pt;\">RCS Roubaix \u2013 Tourcoing 424 761 419 00045 <\/span><br \/>\n<span style=\"font-size: 11pt;\">Code APE 6202A <\/span><br \/>\n<span style=\"font-size: 11pt;\">N\u00b0 TVA : FR 22 424 761 419 <\/span><br \/>\n<span style=\"font-size: 11pt;\">2, rue Kellermann <\/span><br \/>\n<span style=\"font-size: 11pt;\">59100 Roubaix &#8211; France<\/span><\/p>\n<h6>Cr\u00e9dits photographiques<\/h6>\n<p>GCSMS AJLG (Groupement de Coop\u00e9ration Sociale et M\u00e9dico-Sociale Accueil Jeunes Landes Gascogne)<\/p>\n<p><span style=\"font-size: 11pt;\">11, boulevard Ferdinand de Candau<br \/>\n40000 Mont-de-Marsan<br \/>\nT\u00e9l : 05 58 46 75 50<br \/>\nFax : 05 58 75 90 63<\/span><\/p>\n<p>&nbsp;<\/p>\n<h3>Conditions g\u00e9n\u00e9rales d&#8217;utilisation du site Internet<\/h3>\n<h6 align=\"left\">Navigation<\/h6>\n<p align=\"left\">Le site de l&#8217;ASAEL est accessible 24 heures sur 24 et 7 jours sur 7, \u00e0 l\u2019exception des cas de force majeure, probl\u00e8mes informatiques, difficult\u00e9s li\u00e9es \u00e0 la structure des r\u00e9seaux de communications ou difficult\u00e9s techniques, et sous r\u00e9serve des \u00e9ventuelles pannes et interventions de maintenance n\u00e9cessaires au bon fonctionnement du site et des services.<\/p>\n<h6 align=\"left\"><strong>Protection des donn\u00e9es personnelles<\/strong><\/h6>\n<p align=\"left\">Aucune information personnelle n&#8217;est collect\u00e9e \u00e0 votre insu et n&#8217;est c\u00e9d\u00e9e \u00e0 des tiers.<\/p>\n<p align=\"left\">Conform\u00e9ment \u00e0 la loi Informatique et libert\u00e9 du 6 janvier 1978 modifi\u00e9e, vous disposez d&#8217;un droit d&#8217;opposition (art. 38), d&#8217;acc\u00e8s (art.39), de rectification ou de suppression (art.40) des donn\u00e9es qui vous concernent. Vous pouvez exercer ce droit en en \u00e9crivant \u00e0 :<\/p>\n<p style=\"text-align: center;\">Association de sauvegarde et d\u2019action \u00e9ducative des Landes<\/p>\n<p style=\"text-align: center;\"><span style=\"font-size: 11pt;\">11, boulevard Ferdinand de Candau<br \/>\n40000 Mont-de-Marsan<br \/>\nT\u00e9l : 05 58 46 75 50<br \/>\nFax : 05 58 75 90 63<\/span><\/p>\n<p align=\"left\">Toutes les donn\u00e9es personnelles qui sont recueillies sont trait\u00e9es avec la plus stricte confidentialit\u00e9.<\/p>\n<p align=\"left\">A ce titre, nous vous pr\u00e9cisons que les informations communiqu\u00e9es \u00e0 l&#8217;occasion de vos r\u00e9ponses aux formulaires pr\u00e9sents sur le site sont n\u00e9cessaires au traitement de votre demande et sont exclusivement destin\u00e9es \u00e0 l&#8217;ASAEL, responsable du traitement.<\/p>\n<h6 align=\"left\"><strong>Cookies<\/strong><\/h6>\n<p align=\"left\">Vous \u00eates \u00e9galement inform\u00e9 que, lors de vos visites sur le site, un cookie peut s\u2019installer automatiquement sur votre logiciel de navigation.<br \/>\nLe cookie est un bloc de donn\u00e9es qui ne permet pas de vous identifier en tant qu\u2019utilisateur mais qui permet d\u2019enregistrer des informations relatives \u00e0 votre navigation sur le site.<\/p>\n<p align=\"left\">Pour toutes demandes ou suggestions, <a href=\"http:\/\/asael.fr\/?page_id=20\">merci d\u2019utiliser le formulaire de contact<\/a>.<\/p>\n<h6 align=\"left\">Acceptation des conditions d&#8217;utilisation<\/h6>\n<p align=\"left\">L&#8217;utilisateur reconna\u00eet avoir pris connaissance des conditions d&#8217;utilisation, au moment de sa connexion vers le site http:\/\/www.asael.fr\/ et d\u00e9clare express\u00e9ment les accepter sans r\u00e9serve.<\/p>\n<h6 align=\"left\"><strong>Responsabilit&eacute;<\/strong><\/h6>\n<p>L&#8217;ASAEL attache une importance toute particuli\u00e8re \u00e0 la v\u00e9rification des informations qu&#8217;il d\u00e9livre via le site http:\/\/www.asael.fr\/.<br \/>\nToutefois, l&#8217;ASAEL ne saurait garantir l&#8217;exactitude, la compl\u00e9tude, l&#8217;actualit\u00e9 des informations diffus\u00e9es sur le site, par lui-m\u00eame ou par d&#8217;autres utilisateurs.<\/p>\n<p>En cons\u00e9quence, l&#8217;ASAEL ne saurait en aucun cas \u00eatre tenu responsable des \u00e9ventuels d\u00e9fauts, erreurs ou omissions existants sur ce site, ni de l&#8217;utilisation et de l&#8217;interpr\u00e9tation de l&#8217;information qu&#8217;il contient.<\/p>\n<p>Pour signaler une erreur ou demander la rectification d&#8217;informations, <a href=\"http:\/\/asael.fr\/?page_id=20\">merci d\u2019utiliser le formulaire de contact<\/a>.<\/p>\n<p>Les liens pr\u00e9sents sur le site http:\/\/www.asael.fr\/ peuvent orienter l&#8217;utilisateur sur des sites ext\u00e9rieurs dont le contenu ne peut en aucune mani\u00e8re engager la responsabilit\u00e9 de la r\u00e9daction du site de l&#8217;ASAEL.<\/p>\n<h6 align=\"left\"><strong>Modifications des conditions g\u00e9n\u00e9rales d&#8217;utilisation<\/strong><\/h6>\n<p>L&#8217;ASAEL se r\u00e9serve la possibilit\u00e9 de modifier, \u00e0 tout moment, les pr\u00e9sentes conditions d&#8217;utilisation afin de les adapter aux \u00e9volutions du site et\/ou de son exploitation.<\/p>\n<p>Pour tout contact technique, merci de vous adresser \u00e0 :<\/p>\n<p style=\"text-align: center;\">Association de sauvegarde et d\u2019action \u00e9ducative des Landes<\/p>\n<p style=\"text-align: center;\"><span style=\"font-size: 11pt;\">11, boulevard Ferdinand de Candau<br \/>\n40000 Mont-de-Marsan<br \/>\nT\u00e9l : 05 58 46 75 50<br \/>\nFax : 05 58 75 90 63<\/span><\/p>\n","protected":false},"excerpt":{"rendered":"<p>Les pr\u00e9sentes mentions l\u00e9gales ont pour objet d&#8217;informer l&#8217;utilisateur de l&#8217;ensemble des dispositions l\u00e9gislatives et r\u00e9glementaires devant \u00eatre respect\u00e9es \u00e0 l&#8217;occasion de la consultation de ce site, et notamment les mentions relatives aux droits&#46;&#46;&#46;<\/p>\n","protected":false},"author":4,"featured_media":0,"parent":0,"menu_order":0,"comment_status":"closed","ping_status":"closed","template":"","meta":{"footnotes":""},"class_list":["post-181","page","type-page","status-publish","hentry"],"_links":{"self":[{"href":"https:\/\/asael.fr\/index.php?rest_route=\/wp\/v2\/pages\/181","targetHints":{"allow":["GET"]}}],"collection":[{"href":"https:\/\/asael.fr\/index.php?rest_route=\/wp\/v2\/pages"}],"about":[{"href":"https:\/\/asael.fr\/index.php?rest_route=\/wp\/v2\/types\/page"}],"author":[{"embeddable":true,"href":"https:\/\/asael.fr\/index.php?rest_route=\/wp\/v2\/users\/4"}],"replies":[{"embeddable":true,"href":"https:\/\/asael.fr\/index.php?rest_route=%2Fwp%2Fv2%2Fcomments&post=181"}],"version-history":[{"count":62,"href":"https:\/\/asael.fr\/index.php?rest_route=\/wp\/v2\/pages\/181\/revisions"}],"predecessor-version":[{"id":243,"href":"https:\/\/asael.fr\/index.php?rest_route=\/wp\/v2\/pages\/181\/revisions\/243"}],"wp:attachment":[{"href":"https:\/\/asael.fr\/index.php?rest_route=%2Fwp%2Fv2%2Fmedia&parent=181"}],"curies":[{"name":"wp","href":"https:\/\/api.w.org\/{rel}","templated":true}]}}