{"id":14,"date":"2014-02-27T09:04:17","date_gmt":"2014-02-27T08:04:17","guid":{"rendered":"http:\/\/asael.fr\/?page_id=14"},"modified":"2020-12-09T15:41:04","modified_gmt":"2020-12-09T14:41:04","slug":"le-projet","status":"publish","type":"page","link":"https:\/\/asael.fr\/?page_id=14","title":{"rendered":"Le projet"},"content":{"rendered":"<div id=\"bouton\"><a class=\"file_pdf\" href=\"http:\/\/asael.fr\/wp-content\/uploads\/2014\/02\/2015-02-02-PROJET-ASSOCIATIF-VERSION-DEFINITIVE.pdf\" target=\"_blank\" rel=\"noopener\"><em>Le Projet<\/em><\/a><\/div>\n<p>&nbsp;<\/p>\n<p>Cr\u00e9\u00e9e en 1962, l\u2019ASAEL a pour objet l\u2019accompagnement de toute personne vuln\u00e9rable ou en situation de vuln\u00e9rabilit\u00e9.<\/p>\n<p>Les personnes accompagn\u00e9es peuvent \u00eatre des enfants en bas \u00e2ge, des mineurs en difficult\u00e9, en danger ou d\u00e9linquants\u00a0; des jeunes majeurs, des personnes adultes, des personnes vieillissantes, des personnes isol\u00e9es ou des familles.<\/p>\n<p>Les offres de service sont de natures diverses\u00a0: \u00e9ducatives, p\u00e9dagogiques, mat\u00e9rielles, sociales, m\u00e9dico-sociales, th\u00e9rapeutiques.<\/p>\n<p>Ces soutiens et ces accompagnements \u2013 globales ou sp\u00e9cifiques \u2013 peuvent s\u2019exercer dans le cadre de la pr\u00e9vention, l\u2019orientation, la formation, le traitement, la postcure et le service de suite ou tout autre cadre qui s\u2019av\u00e8rerait n\u00e9cessaire.<\/p>\n<p>&nbsp;<\/p>\n<p>Le Si\u00e8ge Social de l&#8217;association est implant\u00e9 \u00e0 Mont-de-Marsan.<\/p>\n<p>Les fondateurs b\u00e9n\u00e9voles, les administrateurs militants, les salari\u00e9s et les adh\u00e9rents qui se succ\u00e8dent restent toujours porteurs des valeurs fondamentales qui repr\u00e9sentent le socle de l\u2019association\u00a0:<\/p>\n<p>&#8211; l\u2019humanisme,<br \/>\n<span style=\"text-decoration: line-through;\">&#8211;<\/span> la la\u00efcit\u00e9,<br \/>\n&#8211; la libert\u00e9 d\u2019opinion et d\u2019expression,<br \/>\n&#8211; la non-discrimination,<br \/>\n&#8211; la solidarit\u00e9 entre les \u00eatres humains,<br \/>\n&#8211; la culture de responsabilit\u00e9 et de respect des droits,<br \/>\n&#8211; le droit \u00e0 l\u2019\u00e9ducation,<br \/>\n&#8211; la promotion de la personne humaine dans sa dignit\u00e9 et son environnement.<\/p>\n<p>Ces valeurs s\u2019inscrivent dans le respect des principes de la D\u00e9claration universelle des droits de l\u2019homme, de la Convention internationale des droits de l\u2019enfant, et de la Charte Europ\u00e9enne des droits fondamentaux.<\/p>\n<p>\u00c0 ces valeurs fondamentales, il convient d\u2019ajouter d\u2019autres principes :<\/p>\n<ul>\n<li>La volont\u00e9 de voir reconna\u00eetre la comp\u00e9tence et l\u2019engagement sp\u00e9cifique <strong>du fait associatif<\/strong> qui rassemble pour les actions d\u2019accompagnement les militants, volontaires, b\u00e9n\u00e9voles, et les professionnels salari\u00e9s. Les pouvoirs publics reconnaissent ainsi les missions sociales confi\u00e9es \u00e0 l\u2019association.<\/li>\n<li>La volont\u00e9 de respecter la temporalit\u00e9 et de faire \u00e9merger la singularit\u00e9, le potentiel, la capacit\u00e9 d\u2019\u00e9volution des personnes accompagn\u00e9es.<\/li>\n<li>La volont\u00e9 de v\u00e9rifier la qualit\u00e9 des actions mises en \u0153uvre. Au-del\u00e0 du cadre l\u00e9gal, l\u2019association s\u2019inscrit dans une <strong>logique de connaissance et d\u2019\u00e9valuation <\/strong>pour remplir sa mission de service public.<\/li>\n<li>La volont\u00e9 de s\u2019inscrire dans une <strong>logique de coop\u00e9ration et de partenariat<\/strong> sur le territoire avec tous les acteurs sociaux \u0153uvrant \u00e0 l\u2019accompagnement des personnes\u00a0: organismes gestionnaires d\u2019\u00e9tablissements et de services sociaux et m\u00e9dico-sociaux, associations d\u2019insertion, services \u00e0 la personne, etc.<\/li>\n<li>La volont\u00e9 d\u2019affirmer son r\u00f4le d\u2019acteur des politiques sociales et d\u2019\u00eatre force de proposition aupr\u00e8s des pouvoirs publics.<\/li>\n<\/ul>\n<p>&nbsp;<\/p>\n<p>L\u2019ASAEL g\u00e8re les \u00e9tablissements et services suivants\u00a0:<\/p>\n<ul>\n<li>Une Maison d\u2019Enfants \u00e0 Caract\u00e8re Social (MECS)<\/li>\n<li>Un service d\u2019Action Educative en Milieu Ouvert (AEMO)<\/li>\n<li>Un service d\u2019AEMO Renforc\u00e9e<\/li>\n<li>Un service d\u2019Investigation Educative et d\u2019Enqu\u00eates Sociales (SIE)<\/li>\n<li>Un dispositif d\u2019accompagnement pour Mineurs Non Accompagn\u00e9s (MNA)<\/li>\n<li>Un service de m\u00e9diation familiale\u00a0: le P\u00f4le Parentalit\u00e9<\/li>\n<li>Un Service d\u2019Accompagnement Familial Co Parentalit\u00e9 (SAFCO) cog\u00e9r\u00e9 avec le CD40, la CAF des LANDES et la MSA<\/li>\n<li>Et, pour finir, un Si\u00e8ge Social qui coordonne l\u2019ensemble.<\/li>\n<\/ul>\n","protected":false},"excerpt":{"rendered":"<p>Le Projet &nbsp; Cr\u00e9\u00e9e en 1962, l\u2019ASAEL a pour objet l\u2019accompagnement de toute personne vuln\u00e9rable ou en situation de vuln\u00e9rabilit\u00e9. Les personnes accompagn\u00e9es peuvent \u00eatre des enfants en bas \u00e2ge, des mineurs en difficult\u00e9,&#46;&#46;&#46;<\/p>\n","protected":false},"author":4,"featured_media":0,"parent":0,"menu_order":0,"comment_status":"open","ping_status":"open","template":"","meta":{"footnotes":""},"class_list":["post-14","page","type-page","status-publish","hentry"],"_links":{"self":[{"href":"https:\/\/asael.fr\/index.php?rest_route=\/wp\/v2\/pages\/14","targetHints":{"allow":["GET"]}}],"collection":[{"href":"https:\/\/asael.fr\/index.php?rest_route=\/wp\/v2\/pages"}],"about":[{"href":"https:\/\/asael.fr\/index.php?rest_route=\/wp\/v2\/types\/page"}],"author":[{"embeddable":true,"href":"https:\/\/asael.fr\/index.php?rest_route=\/wp\/v2\/users\/4"}],"replies":[{"embeddable":true,"href":"https:\/\/asael.fr\/index.php?rest_route=%2Fwp%2Fv2%2Fcomments&post=14"}],"version-history":[{"count":5,"href":"https:\/\/asael.fr\/index.php?rest_route=\/wp\/v2\/pages\/14\/revisions"}],"predecessor-version":[{"id":851,"href":"https:\/\/asael.fr\/index.php?rest_route=\/wp\/v2\/pages\/14\/revisions\/851"}],"wp:attachment":[{"href":"https:\/\/asael.fr\/index.php?rest_route=%2Fwp%2Fv2%2Fmedia&parent=14"}],"curies":[{"name":"wp","href":"https:\/\/api.w.org\/{rel}","templated":true}]}}